{"id":3340,"date":"2020-11-28T23:16:04","date_gmt":"2020-11-28T23:16:04","guid":{"rendered":"http:\/\/powermatic.com.br\/?page_id=3340"},"modified":"2025-02-05T15:31:37","modified_gmt":"2025-02-05T18:31:37","slug":"a-empresa","status":"publish","type":"page","link":"https:\/\/powermatic.com.br\/power\/a-empresa\/","title":{"rendered":"A EMPRESA"},"content":{"rendered":"<div class=\"vce-row-container\"><div class=\"vce-row vce-row--col-gap-30 vce-row-columns--top vce-row-content--top\" id=\"el-166fdba2\" data-vce-do-apply=\"all el-166fdba2\"><div class=\"vce-content-background-container\"><\/div><div class=\"vce-row-content\" data-vce-element-content=\"true\"><div class=\"vce-col vce-col--md-auto vce-col--xs-1 vce-col--xs-last vce-col--xs-first vce-col--sm-last vce-col--sm-first vce-col--md-last vce-col--lg-last vce-col--xl-last vce-col--md-first vce-col--lg-first vce-col--xl-first\" id=\"el-ddb7f4cb\"><div class=\"vce-col-inner\" data-vce-do-apply=\"border margin background  el-ddb7f4cb\"><div class=\"vce-col-content\" data-vce-element-content=\"true\" data-vce-do-apply=\"padding el-ddb7f4cb\"><div class=\"vce-text-block\"><div class=\"vce-text-block-wrapper vce\" id=\"el-e576eb5e\" data-vce-do-apply=\"all el-e576eb5e\"><div class=\"page\" title=\"Page 2\">\n<div class=\"section\">\n<div class=\"layoutArea\">\n<div class=\"column\">\n<h1>A Empresa<\/h1>\nFundada em 1985 como come\u0301rcio de acesso\u0301rios para flangeamento de dutos, passou a produzi-los em 1997. Atualmente conta com sede pro\u0301pria na cidade de Brotas\/SP com a\u0301rea de 40.000 m2 distribui\u0301dos em ferramentaria, expedi\u00e7\u00e3o, fabricac\u0327a\u0303o de dutos, fabricac\u0327a\u0303o de acesso\u0301rios e construc\u0327a\u0303o de ma\u0301quinas para fabricac\u0327a\u0303o de dutos. Possu\u00edmos um departamento voltado \u00e0 cria\u00e7\u00e3o de novas ferramentas e solu\u00e7\u00f5es em engenharia, que nos mant\u00e9m em constante evolu\u00e7\u00e3o junto ao mercado. Contamos ainda com uma filial instalada na cidade de Abreu e Lima, Grande Recife\/Pernambuco, em uma a\u0301rea produtiva de 1.000m2 com uma estrutura completa para a produc\u0327a\u0303o de dutos retangulares e circulares, fabricados em ac\u0327o galvanizado, inox alumi\u0301nio e carbono. Em operac\u0327a\u0303o desde 2011, a unidade fabril de PE atende exclusivamente obras realizadas no Nordeste do pai\u0301s, ja\u0301 tendo participado de grandes empreendimentos como a construc\u0327a\u0303o da nova fa\u0301brica da FIAT, do laborato\u0301rio da HEMOBRA\u0301S, ambos em Goiana (PE), dos shoppings PATTEO, em Olinda (PE), e RIOMAR, em Fortaleza, do HOSPITAL COSTA DO CACAU, em Ilhe\u0301us (BA), das arenas PERNAMBUCO e FONTE NOVA, na Bahia, entre tantas outras.<\/div>\n<div class=\"column\">&nbsp;<\/div>\n<div class=\"column\"><strong>MISSA\u0303O<\/strong><\/div>\n<div class=\"column\">&nbsp;<\/div>\n<\/div>\n<div class=\"layoutArea\">\n<div class=\"column\">Humanizar toda a relac\u0327a\u0303o com o nosso pu\u0301blico de interesse de forma a gerar benefi\u0301cios a todos, sempre buscando o desenvolvimento sustenta\u0301vel e a inovac\u0327a\u0303o em produtos, servic\u0327os e processos.<\/div>\n<div class=\"column\">&nbsp;<\/div>\n<div class=\"column\"><strong>VISA\u0303O<\/strong><\/div>\n<div class=\"column\">&nbsp;<\/div>\n<div class=\"column\">Ser a maior empresa de dutos e acesso\u0301rios para ar condicionado central do Brasil, expandindo sua produc\u0327a\u0303o de dutos para as principais capitais do pai\u0301s e aumentando distribuidores e fa\u0301bricas de acesso\u0301rios internacionalmente.<\/div>\n<div class=\"column\">&nbsp;<\/div>\n<div class=\"column\">&nbsp;<\/div>\n<div class=\"column\"><strong>VALORES<\/strong>\n<ul>\n<li>COMPETE\u0302NCIA buscando ni\u0301veis de conhecimento cada vez maiores.<\/li>\n<li>PARTICIPAC\u0327A\u0303O E COOPERAC\u0327A\u0303O cultivando um ambiente onde prevalec\u0327a o trabalho em equipe e o respeito a\u0300s opinio\u0303es, favorecendo a criatividade e a iniciativa.<\/li>\n<li>SATISFAC\u0327A\u0303O trabalhando com orgulho e prazer.<\/li>\n<li>DESEMPENHO promovendo resultados que atendam e superem as expectativas de nossos fornecedores, colaboradores e clientes.<\/li>\n<li>DISCIPLINA cumprindo normas e padro\u0303es que garantam a estabilidade dos processos, a seguranc\u0327a do homem e o respeito ao meio ambiente.<\/li>\n<li>CIDADANIA contribuindo para o desenvolvimento autossustenta\u0301vel da sociedade.<\/li>\n<li>COMPROMETIMENTO cultivando a lealdade e integrando as ac\u0327o\u0303es que priorizem os objetivos globais da empresa.<\/li>\n<\/ul>\n<p>&nbsp;<\/p>\n<p><strong>UM POUCO SOBRE A NOSSA HIST\u00d3RIA<\/strong><\/p>\n<ul>\n<li><strong>1985<\/strong> em S\u00e3o Paulo \/ SP com atividade comercial: fabrica\u00e7\u00e3o terceirizada<\/li>\n<li><strong>1995<\/strong> primeiro pr\u00e9dio de sede pr\u00f3pria em S\u00e3o Paulo \/ SP<\/li>\n<li><strong>1997<\/strong> mudan\u00e7a para Brotas \/ SP e in\u00edcio da fabrica\u00e7\u00e3o de acess\u00f3rios para flangeamento<\/li>\n<li><strong>2000<\/strong> in\u00edcio da fabrica\u00e7\u00e3o de dutos TDC em \u00e1rea pr\u00f3pria de 2.400 m\u00b2<\/li>\n<li><strong>2003<\/strong> f\u00e1brica volante em Montes Claros \/ MG para atender laborat\u00f3rio ind\u00fastria farmac\u00eautica<\/li>\n<li><strong>2009<\/strong> aquisi\u00e7\u00e3o de 35.600 m\u00b2 de \u00e1rea cont\u00edgua para amplia\u00e7\u00e3o da f\u00e1brica<\/li>\n<li><strong>2011<\/strong> in\u00edcio de atividade fabril em PE<\/li>\n<\/ul>\n<p>&nbsp;<\/p>\n<p><strong>ONDE EST\u00c3O OS PRODUTOS POWERMATIC<\/strong><\/p>\n<p>&nbsp;<\/p>\n<\/div>\n<\/div>\n<\/div>\n<\/div><\/div><\/div><\/div><\/div><\/div><\/div><\/div><\/div><div class=\"vce-row-container\"><div class=\"vce-row vce-row--col-gap-30 vce-row-columns--top vce-row-content--top\" id=\"el-fe18d57a\" data-vce-do-apply=\"all el-fe18d57a\"><div class=\"vce-content-background-container\"><\/div><div class=\"vce-row-content\" data-vce-element-content=\"true\"><div class=\"vce-col vce-col--md-auto vce-col--xs-1 vce-col--xs-last vce-col--xs-first vce-col--sm-last vce-col--sm-first vce-col--md-last vce-col--lg-last vce-col--xl-last vce-col--md-first vce-col--lg-first vce-col--xl-first\" id=\"el-346cd43e\"><div class=\"vce-col-inner\" data-vce-do-apply=\"border margin background  el-346cd43e\"><div class=\"vce-col-content\" data-vce-element-content=\"true\" data-vce-do-apply=\"padding el-346cd43e\"><\/div><\/div><\/div><\/div><\/div><\/div><div class=\"vce-row-container\"><div class=\"vce-row vce-row--col-gap-30 vce-row-columns--top vce-row-content--top\" id=\"el-16295172\" data-vce-do-apply=\"all el-16295172\"><div class=\"vce-row-content\" data-vce-element-content=\"true\"><div class=\"vce-col vce-col--md-auto vce-col--xs-1 vce-col--xs-last vce-col--xs-first vce-col--sm-last vce-col--sm-first vce-col--md-last vce-col--lg-last vce-col--xl-last vce-col--md-first vce-col--lg-first vce-col--xl-first\" id=\"el-402f74e6\"><div class=\"vce-col-inner\" data-vce-do-apply=\"border margin background  el-402f74e6\"><div class=\"vce-col-content\" data-vce-element-content=\"true\" data-vce-do-apply=\"padding el-402f74e6\"><div class=\"vce-single-image-container vce-single-image--align-left\"><div class=\"vce vce-single-image-wrapper\" id=\"el-0c97e189\" data-vce-do-apply=\"all el-0c97e189\"><figure><div class=\"vce-single-image-inner vce-single-image--absolute\" style=\"padding-bottom: 60.0791%; width: 759px;\"><img class=\"vce-single-image\" width=\"759\" height=\"456\"src=\"https:\/\/powermatic.com.br\/wp-content\/uploads\/2025\/02\/image003-759x456.png\" srcset=\"https:\/\/powermatic.com.br\/wp-content\/uploads\/2025\/02\/image003-320x192.png 320w,https:\/\/powermatic.com.br\/wp-content\/uploads\/2025\/02\/image003-480x288.png 480w,https:\/\/powermatic.com.br\/wp-content\/uploads\/2025\/02\/image003-759x456.png 759w\" data-img-src=\"https:\/\/powermatic.com.br\/wp-content\/uploads\/2024\/09\/image003.png\" alt=\"Clientes\" title=\"Clientes\" \/><\/div><figcaption hidden=\"\"><\/figcaption><\/figure><\/div><\/div><\/div><\/div><\/div><\/div><\/div><\/div>\n","protected":false},"excerpt":{"rendered":"<p>A Empresa Fundada em 1985 como come\u0301rcio de acesso\u0301rios para flangeamento de dutos, passou a produzi-los em 1997. Atualmente conta [&hellip;]<\/p>\n","protected":false},"author":6,"featured_media":0,"parent":0,"menu_order":0,"comment_status":"closed","ping_status":"closed","template":"","meta":[],"yoast_head":"<!-- This site is optimized with the Yoast SEO plugin v19.7.1 - https:\/\/yoast.com\/wordpress\/plugins\/seo\/ -->\n<title>Empresa | Powermatic Dutos e Acess\u00f3rios<\/title>\n<meta name=\"description\" content=\"No mercado desde 1985, a Powermatic a partir de 1997 come\u00e7ou a fabricar dutos e acesso\u0301rios e ma\u0301quinas para fabricac\u0327a\u0303o de dutos.\" \/>\n<meta name=\"robots\" content=\"index, follow, max-snippet:-1, max-image-preview:large, max-video-preview:-1\" \/>\n<link rel=\"canonical\" href=\"https:\/\/powermatic.com.br\/power\/a-empresa\/\" \/>\n<meta property=\"og:locale\" content=\"pt_BR\" \/>\n<meta property=\"og:type\" content=\"article\" \/>\n<meta property=\"og:title\" content=\"Empresa - Powermatic Dutos e Acess\u00f3rios\" \/>\n<meta property=\"og:description\" content=\"No mercado desde 1985, a Powermatic a partir de 1997 come\u00e7ou a fabricar dutos e acesso\u0301rios e ma\u0301quinas para fabricac\u0327a\u0303o de dutos.\" \/>\n<meta property=\"og:url\" content=\"https:\/\/powermatic.com.br\/power\/a-empresa\/\" \/>\n<meta property=\"og:site_name\" content=\"POWERMATIC Dutos e Acess\u00f3rios\" \/>\n<meta property=\"article:publisher\" content=\"https:\/\/www.facebook.com\/powermaticbr\" \/>\n<meta property=\"article:modified_time\" content=\"2025-02-05T18:31:37+00:00\" \/>\n<meta property=\"og:image\" content=\"https:\/\/powermatic.com.br\/wp-content\/uploads\/2020\/12\/powermatic_dutos_info_indice.png\" \/>\n\t<meta property=\"og:image:width\" content=\"598\" \/>\n\t<meta property=\"og:image:height\" content=\"288\" \/>\n\t<meta property=\"og:image:type\" content=\"image\/png\" \/>\n<meta name=\"twitter:label1\" content=\"Est. tempo de leitura\" \/>\n\t<meta name=\"twitter:data1\" content=\"3 minutos\" \/>\n<script type=\"application\/ld+json\" class=\"yoast-schema-graph\">{\"@context\":\"https:\/\/schema.org\",\"@graph\":[{\"@type\":\"WebPage\",\"@id\":\"https:\/\/powermatic.com.br\/power\/a-empresa\/\",\"url\":\"https:\/\/powermatic.com.br\/power\/a-empresa\/\",\"name\":\"Empresa | Powermatic Dutos e Acess\u00f3rios\",\"isPartOf\":{\"@id\":\"https:\/\/powermatic.com.br\/power\/#website\"},\"datePublished\":\"2020-11-28T23:16:04+00:00\",\"dateModified\":\"2025-02-05T18:31:37+00:00\",\"description\":\"No mercado desde 1985, a Powermatic a partir de 1997 come\u00e7ou a fabricar dutos e acesso\u0301rios e ma\u0301quinas para fabricac\u0327a\u0303o de dutos.\",\"breadcrumb\":{\"@id\":\"https:\/\/powermatic.com.br\/power\/a-empresa\/#breadcrumb\"},\"inLanguage\":\"pt-BR\",\"potentialAction\":[{\"@type\":\"ReadAction\",\"target\":[\"https:\/\/powermatic.com.br\/power\/a-empresa\/\"]}]},{\"@type\":\"BreadcrumbList\",\"@id\":\"https:\/\/powermatic.com.br\/power\/a-empresa\/#breadcrumb\",\"itemListElement\":[{\"@type\":\"ListItem\",\"position\":1,\"name\":\"Home\",\"item\":\"https:\/\/powermatic.com.br\/power\/\"},{\"@type\":\"ListItem\",\"position\":2,\"name\":\"A EMPRESA\"}]},{\"@type\":\"WebSite\",\"@id\":\"https:\/\/powermatic.com.br\/power\/#website\",\"url\":\"https:\/\/powermatic.com.br\/power\/\",\"name\":\"POWERMATIC Dutos e Acess\u00f3rios\",\"description\":\"\",\"publisher\":{\"@id\":\"https:\/\/powermatic.com.br\/power\/#organization\"},\"potentialAction\":[{\"@type\":\"SearchAction\",\"target\":{\"@type\":\"EntryPoint\",\"urlTemplate\":\"https:\/\/powermatic.com.br\/power\/?s={search_term_string}\"},\"query-input\":\"required name=search_term_string\"}],\"inLanguage\":\"pt-BR\"},{\"@type\":\"Organization\",\"@id\":\"https:\/\/powermatic.com.br\/power\/#organization\",\"name\":\"POWERMATIC\",\"url\":\"https:\/\/powermatic.com.br\/power\/\",\"sameAs\":[\"https:\/\/www.instagram.com\/power_matic\/\",\"https:\/\/www.linkedin.com\/company\/powermatic-dutos-e-acessrios\/\",\"https:\/\/www.youtube.com\/user\/powermaticbrotas\",\"https:\/\/www.facebook.com\/powermaticbr\"],\"logo\":{\"@type\":\"ImageObject\",\"inLanguage\":\"pt-BR\",\"@id\":\"https:\/\/powermatic.com.br\/power\/#\/schema\/logo\/image\/\",\"url\":\"https:\/\/powermatic.com.br\/wp-content\/uploads\/2022\/02\/Logo-jpg.jpg\",\"contentUrl\":\"https:\/\/powermatic.com.br\/wp-content\/uploads\/2022\/02\/Logo-jpg.jpg\",\"width\":600,\"height\":314,\"caption\":\"POWERMATIC\"},\"image\":{\"@id\":\"https:\/\/powermatic.com.br\/power\/#\/schema\/logo\/image\/\"}}]}<\/script>\n<!-- \/ Yoast SEO plugin. -->","yoast_head_json":{"title":"Empresa | Powermatic Dutos e Acess\u00f3rios","description":"No mercado desde 1985, a Powermatic a partir de 1997 come\u00e7ou a fabricar dutos e acesso\u0301rios e ma\u0301quinas para fabricac\u0327a\u0303o de dutos.","robots":{"index":"index","follow":"follow","max-snippet":"max-snippet:-1","max-image-preview":"max-image-preview:large","max-video-preview":"max-video-preview:-1"},"canonical":"https:\/\/powermatic.com.br\/power\/a-empresa\/","og_locale":"pt_BR","og_type":"article","og_title":"Empresa - Powermatic Dutos e Acess\u00f3rios","og_description":"No mercado desde 1985, a Powermatic a partir de 1997 come\u00e7ou a fabricar dutos e acesso\u0301rios e ma\u0301quinas para fabricac\u0327a\u0303o de dutos.","og_url":"https:\/\/powermatic.com.br\/power\/a-empresa\/","og_site_name":"POWERMATIC Dutos e Acess\u00f3rios","article_publisher":"https:\/\/www.facebook.com\/powermaticbr","article_modified_time":"2025-02-05T18:31:37+00:00","og_image":[{"width":598,"height":288,"url":"https:\/\/powermatic.com.br\/wp-content\/uploads\/2020\/12\/powermatic_dutos_info_indice.png","type":"image\/png"}],"twitter_misc":{"Est. tempo de leitura":"3 minutos"},"schema":{"@context":"https:\/\/schema.org","@graph":[{"@type":"WebPage","@id":"https:\/\/powermatic.com.br\/power\/a-empresa\/","url":"https:\/\/powermatic.com.br\/power\/a-empresa\/","name":"Empresa | Powermatic Dutos e Acess\u00f3rios","isPartOf":{"@id":"https:\/\/powermatic.com.br\/power\/#website"},"datePublished":"2020-11-28T23:16:04+00:00","dateModified":"2025-02-05T18:31:37+00:00","description":"No mercado desde 1985, a Powermatic a partir de 1997 come\u00e7ou a fabricar dutos e acesso\u0301rios e ma\u0301quinas para fabricac\u0327a\u0303o de dutos.","breadcrumb":{"@id":"https:\/\/powermatic.com.br\/power\/a-empresa\/#breadcrumb"},"inLanguage":"pt-BR","potentialAction":[{"@type":"ReadAction","target":["https:\/\/powermatic.com.br\/power\/a-empresa\/"]}]},{"@type":"BreadcrumbList","@id":"https:\/\/powermatic.com.br\/power\/a-empresa\/#breadcrumb","itemListElement":[{"@type":"ListItem","position":1,"name":"Home","item":"https:\/\/powermatic.com.br\/power\/"},{"@type":"ListItem","position":2,"name":"A EMPRESA"}]},{"@type":"WebSite","@id":"https:\/\/powermatic.com.br\/power\/#website","url":"https:\/\/powermatic.com.br\/power\/","name":"POWERMATIC Dutos e Acess\u00f3rios","description":"","publisher":{"@id":"https:\/\/powermatic.com.br\/power\/#organization"},"potentialAction":[{"@type":"SearchAction","target":{"@type":"EntryPoint","urlTemplate":"https:\/\/powermatic.com.br\/power\/?s={search_term_string}"},"query-input":"required name=search_term_string"}],"inLanguage":"pt-BR"},{"@type":"Organization","@id":"https:\/\/powermatic.com.br\/power\/#organization","name":"POWERMATIC","url":"https:\/\/powermatic.com.br\/power\/","sameAs":["https:\/\/www.instagram.com\/power_matic\/","https:\/\/www.linkedin.com\/company\/powermatic-dutos-e-acessrios\/","https:\/\/www.youtube.com\/user\/powermaticbrotas","https:\/\/www.facebook.com\/powermaticbr"],"logo":{"@type":"ImageObject","inLanguage":"pt-BR","@id":"https:\/\/powermatic.com.br\/power\/#\/schema\/logo\/image\/","url":"https:\/\/powermatic.com.br\/wp-content\/uploads\/2022\/02\/Logo-jpg.jpg","contentUrl":"https:\/\/powermatic.com.br\/wp-content\/uploads\/2022\/02\/Logo-jpg.jpg","width":600,"height":314,"caption":"POWERMATIC"},"image":{"@id":"https:\/\/powermatic.com.br\/power\/#\/schema\/logo\/image\/"}}]}},"_links":{"self":[{"href":"https:\/\/powermatic.com.br\/power\/wp-json\/wp\/v2\/pages\/3340"}],"collection":[{"href":"https:\/\/powermatic.com.br\/power\/wp-json\/wp\/v2\/pages"}],"about":[{"href":"https:\/\/powermatic.com.br\/power\/wp-json\/wp\/v2\/types\/page"}],"author":[{"embeddable":true,"href":"https:\/\/powermatic.com.br\/power\/wp-json\/wp\/v2\/users\/6"}],"replies":[{"embeddable":true,"href":"https:\/\/powermatic.com.br\/power\/wp-json\/wp\/v2\/comments?post=3340"}],"version-history":[{"count":8,"href":"https:\/\/powermatic.com.br\/power\/wp-json\/wp\/v2\/pages\/3340\/revisions"}],"predecessor-version":[{"id":4039,"href":"https:\/\/powermatic.com.br\/power\/wp-json\/wp\/v2\/pages\/3340\/revisions\/4039"}],"wp:attachment":[{"href":"https:\/\/powermatic.com.br\/power\/wp-json\/wp\/v2\/media?parent=3340"}],"curies":[{"name":"wp","href":"https:\/\/api.w.org\/{rel}","templated":true}]}}