{"id":3739,"date":"2023-03-31T13:02:16","date_gmt":"2023-03-31T16:02:16","guid":{"rendered":"https:\/\/powermatic.com.br\/?page_id=3739"},"modified":"2023-03-31T15:41:34","modified_gmt":"2023-03-31T18:41:34","slug":"nossas-obras","status":"publish","type":"page","link":"https:\/\/powermatic.com.br\/power\/nossas-obras\/","title":{"rendered":"NOSSAS OBRAS"},"content":{"rendered":"<div class=\"vce-row-container\"><div class=\"vce-row vce-row--col-gap-30 vce-row-columns--top vce-row-content--top\" id=\"el-166fdba2\" data-vce-do-apply=\"all el-166fdba2\"><div class=\"vce-content-background-container\"><\/div><div class=\"vce-row-content\" data-vce-element-content=\"true\"><div class=\"vce-col vce-col--md-auto vce-col--xs-1 vce-col--xs-last vce-col--xs-first vce-col--sm-last vce-col--sm-first vce-col--md-last vce-col--lg-last vce-col--xl-last vce-col--md-first vce-col--lg-first vce-col--xl-first\" id=\"el-ddb7f4cb\"><div class=\"vce-col-inner\" data-vce-do-apply=\"border margin background  el-ddb7f4cb\"><div class=\"vce-col-content\" data-vce-element-content=\"true\" data-vce-do-apply=\"padding el-ddb7f4cb\"><div class=\"vce-text-block\"><div class=\"vce-text-block-wrapper vce\" id=\"el-e576eb5e\" data-vce-do-apply=\"all el-e576eb5e\"><div class=\"page\" title=\"Page 2\"><div class=\"section\"><div class=\"layoutArea\"><div class=\"column\"><h1>Nossas Obras<\/h1><\/div><\/div><\/div><\/div><\/div><\/div><\/div><\/div><\/div><\/div><\/div><\/div><div class=\"vce-row-container\"><div class=\"vce-row vce-row--col-gap-30 vce-row-columns--top vce-row-content--top\" id=\"el-9bab7dc0\" data-vce-do-apply=\"all el-9bab7dc0\"><div class=\"vce-row-content\" data-vce-element-content=\"true\"><div class=\"vce-col vce-col--md-auto vce-col--xs-1 vce-col--xs-last vce-col--xs-first vce-col--sm-last vce-col--sm-first vce-col--md-last vce-col--lg-last vce-col--xl-last vce-col--md-first vce-col--lg-first vce-col--xl-first\" id=\"el-bc937c45\"><div class=\"vce-col-inner\" data-vce-do-apply=\"border margin background  el-bc937c45\"><div class=\"vce-col-content\" data-vce-element-content=\"true\" data-vce-do-apply=\"padding el-bc937c45\"><div class=\"vce-text-block\"><div class=\"vce-text-block-wrapper vce\" id=\"el-65f68792\" data-vce-do-apply=\"all el-65f68792\"><p>A Powermatic \u00e9 uma empresa que se destaca no mercado pela excel\u00eancia na produ\u00e7\u00e3o de obras em diversos segmentos da constru\u00e7\u00e3o civil.<\/p>\n<p>Uma das principais caracter\u00edsticas da Powermatic \u00e9 a sua capacidade de execu\u00e7\u00e3o de obras complexas, oferecendo solu\u00e7\u00f5es integradas para atender as necessidades de seus clientes em todos os momentos. Com um time de profissionais altamente qualificados e equipamentos modernos, a empresa est\u00e1 preparada para realizar desde pequenas interven\u00e7\u00f5es at\u00e9 grandes projetos de infraestrutura.<\/p>\n<p>Com um comprometimento com a qualidade e a satisfa\u00e7\u00e3o de seus clientes, a Powermatic oferece servi\u00e7os personalizados e solu\u00e7\u00f5es completas para atender \u00e0s demandas de cada projeto. Seja qual for a necessidade de sua obra, a Powermatic tem a expertise e a infraestrutura necess\u00e1rias para realizar com efici\u00eancia e seguran\u00e7a, garantindo a excel\u00eancia em todas as suas obras.<\/p>\n<p>&nbsp;<\/p>\n<h3>Conhe\u00e7a algumas obras realizadas<\/h3><\/div><\/div><\/div><\/div><\/div><\/div><\/div><\/div><div class=\"vce-row-container\"><div class=\"vce-row vce-row--has-col-background vce-row--col-gap-30 vce-row-columns--top vce-row-content--top\" id=\"el-5ca340f7\" data-vce-do-apply=\"all el-5ca340f7\"><div class=\"vce-row-content\" data-vce-element-content=\"true\"><div class=\"vce-col vce-element--has-background vce-col--md-auto vce-col--xs-1 vce-col--xs-last vce-col--xs-first vce-col--sm-last vce-col--sm-first vce-col--md-first vce-col--lg-first vce-col--xl-first\" id=\"el-10cabc82\"><div class=\"vce-col-inner\" data-vce-do-apply=\"border margin background  el-10cabc82\"><div class=\"vce-content-background-container\"><\/div><div class=\"vce-col-content\" data-vce-element-content=\"true\" data-vce-do-apply=\"padding el-10cabc82\"><div class=\"vce-single-image-container vce-single-image--align-left\"><div class=\"vce vce-single-image-wrapper\" id=\"el-f6cacdf4\" data-vce-do-apply=\"all el-f6cacdf4\"><figure><div class=\"vce-single-image-inner vce-single-image--absolute vce-single-image--border-rounded\" style=\"padding-bottom: 61.5836%; width: 682px;\"><img class=\"vce-single-image\" width=\"682\" height=\"420\"src=\"https:\/\/powermatic.com.br\/wp-content\/uploads\/2023\/03\/Obras-Biolab-682x420.jpg\" srcset=\"https:\/\/powermatic.com.br\/wp-content\/uploads\/2023\/03\/Obras-Biolab-320x197.jpg 320w,https:\/\/powermatic.com.br\/wp-content\/uploads\/2023\/03\/Obras-Biolab-480x296.jpg 480w,https:\/\/powermatic.com.br\/wp-content\/uploads\/2023\/03\/Obras-Biolab-682x420.jpg 682w\" data-img-src=\"https:\/\/powermatic.com.br\/wp-content\/uploads\/2023\/03\/Obras-Biolab.jpg\" alt=\"Biolab - Pouso Alegre\/MG\" title=\"Biolab - Pouso Alegre\/MG\" \/><\/div><figcaption hidden=\"\" wfd-invisible=\"true\"><\/figcaption><\/figure><\/div><\/div><div class=\"vce-text-block\"><div class=\"vce-text-block-wrapper vce\" id=\"el-3efd6aa5\" data-vce-do-apply=\"all el-3efd6aa5\"><h3><span style=\"font-size: 24pt;\">Biolab<br>Pouso Alegre\/MG<\/span><\/h3><p dir=\"auto\"><em>Presente na constru\u00e7\u00e3o da unidade de Pouso Alegre\/MG desde 2019, a POWERMATIC j\u00e1 forneceu dutos para os pr\u00e9dios 30, 50 e 80, para \u00e1reas denominadas como EQFAR, sala de baterias e restaurante. Atualmente est\u00e1 fornecendo desde janeiro, todos os dutos do pr\u00e9dio 10 (foto), que deve ser conclu\u00eddo at\u00e9 outubro 2023.<\/em><\/p><p dir=\"auto\"><em>Segundo informado no site da prefeitura de Pouso Alegre, \u201ca \u00e1rea constru\u00edda \u00e9 de 60 mil m\u00b2, numa \u00e1rea total de 500 mil m\u00b2.\" A nova f\u00e1brica anunciada em 2017 j\u00e1 est\u00e1 em opera\u00e7\u00e3o, mas s\u00f3 prev\u00ea produ\u00e7\u00e3o efetiva de medicamentos no segundo semestre de 2024.<\/em><\/p><p dir=\"auto\"><em>Al\u00e9m do atendimento \u00e0 legisla\u00e7\u00e3o brasileira, o novo complexo industrial da Biolab seguir\u00e1 as normas da FDA (Food and Drug Administration) e EMA (European Medicines Agency), bem como ter\u00e1 certifica\u00e7\u00e3o de f\u00e1brica verde.<br><br><\/em><\/p><p dir=\"auto\">&nbsp;<\/p><\/div><\/div><\/div><\/div><\/div><div class=\"vce-col vce-element--has-background vce-col--md-auto vce-col--xs-1 vce-col--xs-last vce-col--xs-first vce-col--sm-last vce-col--sm-first vce-col--md-last vce-col--lg-last vce-col--xl-last\" id=\"el-d7c41792\"><div class=\"vce-col-inner\" data-vce-do-apply=\"border margin background  el-d7c41792\"><div class=\"vce-content-background-container\"><\/div><div class=\"vce-col-content\" data-vce-element-content=\"true\" data-vce-do-apply=\"padding el-d7c41792\"><div class=\"vce-single-image-container vce-single-image--align-center\"><div class=\"vce vce-single-image-wrapper\" id=\"el-912a8be6\" data-vce-do-apply=\"all el-912a8be6\"><figure><div class=\"vce-single-image-inner vce-single-image--absolute vce-single-image--border-rounded\" style=\"padding-bottom: 61.4887%; width: 927px;\"><img class=\"vce-single-image\" width=\"927\" height=\"570\"src=\"https:\/\/powermatic.com.br\/wp-content\/uploads\/2023\/03\/ache-pernambuco-927x570.jpg\" srcset=\"https:\/\/powermatic.com.br\/wp-content\/uploads\/2023\/03\/ache-pernambuco-320x197.jpg 320w,https:\/\/powermatic.com.br\/wp-content\/uploads\/2023\/03\/ache-pernambuco-480x295.jpg 480w,https:\/\/powermatic.com.br\/wp-content\/uploads\/2023\/03\/ache-pernambuco-800x492.jpg 800w,https:\/\/powermatic.com.br\/wp-content\/uploads\/2023\/03\/ache-pernambuco-927x570.jpg 927w\" data-img-src=\"https:\/\/powermatic.com.br\/wp-content\/uploads\/2023\/03\/ache-pernambuco.jpg\" alt=\"Ach\u00e9 - Pernambuco\" title=\"Ach\u00e9 - Pernambuco\" \/><\/div><figcaption hidden=\"\" wfd-invisible=\"true\"><\/figcaption><\/figure><\/div><\/div><div class=\"vce-text-block\"><div class=\"vce-text-block-wrapper vce\" id=\"el-db398c6f\" data-vce-do-apply=\"all el-db398c6f\"><div class=\"vce-post-description--title\">\n<h3><span style=\"font-weight: bold; font-style: normal; font-size: 24pt;\">Ach\u00e9<br>Cabo de Santo Agostinho\/PE<\/span><\/h3>\n<\/div>\n<div class=\"vce-post-description--excerpt\">\n<p>A POWERMATIC est\u00e1 finalizando o fornecimento dos dutos da nova f\u00e1brica do Ach\u00e9 Laborat\u00f3rios Farmac\u00eauticos, no Complexo Industrial e Portu\u00e1rio de Suape, no munic\u00edpio do Cabo de Santo Agostinho (PE).<\/p>\n<p>Presente desde o in\u00edcio da 1\u00aa fase da obra, a POWERMATIC produziu em sua filial de Abreu e Lima\/PE, todos os dutos retangulares TDC (cravados e soldados) e circulares espirais exigidos pelo projeto.<\/p>\n<p>Os dutos foram entregues com os seguintes cuidados especiais devido \u00e0 aplica\u00e7\u00e3o farmac\u00eautica:<\/p>\n<p>- Higienizados internamente com uma mistura de \u00e1lcool isoprop\u00edlico e \u00e1gua;<br>- Vedados com o selante POWERMATIC em todas as juntas longitudinais e cantos;<br>- Tamponados com filme stresch em todas as sec\u00e7\u00f5es.<\/p>\n<\/div><\/div><\/div><\/div><\/div><\/div><\/div><\/div><\/div><div class=\"vce-row-container\"><div class=\"vce-row vce-row--col-gap-30 vce-row-columns--top vce-row-content--top\" id=\"el-81c127be\" data-vce-do-apply=\"all el-81c127be\"><div class=\"vce-row-content\" data-vce-element-content=\"true\"><div class=\"vce-col vce-col--md-auto vce-col--xs-1 vce-col--xs-last vce-col--xs-first vce-col--sm-last vce-col--sm-first vce-col--md-last vce-col--lg-last vce-col--xl-last vce-col--md-first vce-col--lg-first vce-col--xl-first\" id=\"el-258cbe0e\"><div class=\"vce-col-inner\" data-vce-do-apply=\"border margin background  el-258cbe0e\"><div class=\"vce-col-content\" data-vce-element-content=\"true\" data-vce-do-apply=\"padding el-258cbe0e\"><\/div><\/div><\/div><\/div><\/div><\/div><div class=\"vce-row-container\"><div class=\"vce-row vce-row--has-col-background vce-row--col-gap-30 vce-row-columns--top vce-row-content--top\" id=\"el-7a1333a4\" data-vce-do-apply=\"all el-7a1333a4\"><div class=\"vce-row-content\" data-vce-element-content=\"true\"><div class=\"vce-col vce-element--has-background vce-col--md-auto vce-col--xs-1 vce-col--xs-last vce-col--xs-first vce-col--sm-last vce-col--sm-first vce-col--md-first vce-col--lg-first vce-col--xl-first\" id=\"el-528cbdc9\"><div class=\"vce-col-inner\" data-vce-do-apply=\"border margin background  el-528cbdc9\"><div class=\"vce-content-background-container\"><\/div><div class=\"vce-col-content\" data-vce-element-content=\"true\" data-vce-do-apply=\"padding el-528cbdc9\"><div class=\"vce-single-image-container vce-single-image--align-center\"><div class=\"vce vce-single-image-wrapper\" id=\"el-0524407d\" data-vce-do-apply=\"all el-0524407d\"><figure><div class=\"vce-single-image-inner vce-single-image--absolute vce-single-image--border-rounded\" style=\"padding-bottom: 61.5142%; width: 634px;\"><img class=\"vce-single-image\" width=\"634\" height=\"390\"src=\"https:\/\/powermatic.com.br\/wp-content\/uploads\/2023\/03\/Mercedes_Maquete-634x390.jpg\" srcset=\"https:\/\/powermatic.com.br\/wp-content\/uploads\/2023\/03\/Mercedes_Maquete-320x197.jpg 320w,https:\/\/powermatic.com.br\/wp-content\/uploads\/2023\/03\/Mercedes_Maquete-480x295.jpg 480w,https:\/\/powermatic.com.br\/wp-content\/uploads\/2023\/03\/Mercedes_Maquete-634x390.jpg 634w\" data-img-src=\"https:\/\/powermatic.com.br\/wp-content\/uploads\/2015\/12\/Mercedes_Maquete.jpg\" alt=\"Mercedes-Benz\" title=\"Mercedes-Benz\" \/><\/div><figcaption hidden=\"\" wfd-invisible=\"true\"><\/figcaption><\/figure><\/div><\/div><div class=\"vce-text-block\"><div class=\"vce-text-block-wrapper vce\" id=\"el-888021fd\" data-vce-do-apply=\"all el-888021fd\"><div class=\"vce-post-description--title\">\n<h3><span style=\"font-weight: bold; font-style: normal; font-size: 24pt;\">Mercedes-Benz<\/span><\/h3>\n<\/div>\n<div class=\"vce-post-description--excerpt\">\n<p>A POWERMATIC est\u00e1 presente na obra da nova planta da montadora alem\u00e3 em Iracem\u00e1polis (SP), fornecendo dutos retangulares TDC-R e circulares espiralados, chamin\u00e9s, chap\u00e9us, monovias e dampers manuais.<\/p>\n<p>A empresa tem forte atua\u00e7\u00e3o junto a ind\u00fastrias automobil\u00edsticas tendo participado tamb\u00e9m das obras das montadoras Honda, em Itirapina (SP), Ford, em Cama\u00e7ari (BA), Fiat, em Goiana (PE) e Betim (MG), entre outras. Atuou tamb\u00e9m na Embraer em Gavi\u00e3o Peixoto e S\u00e3o Jos\u00e9 dos Campos.&nbsp;<\/p>\n<p>&nbsp;<\/p>\n<\/div><\/div><\/div><\/div><\/div><\/div><div class=\"vce-col vce-element--has-background vce-col--md-auto vce-col--xs-1 vce-col--xs-last vce-col--xs-first vce-col--sm-last vce-col--sm-first vce-col--md-last vce-col--lg-last vce-col--xl-last\" id=\"el-f05a2b91\"><div class=\"vce-col-inner\" data-vce-do-apply=\"border margin background  el-f05a2b91\"><div class=\"vce-content-background-container\"><\/div><div class=\"vce-col-content\" data-vce-element-content=\"true\" data-vce-do-apply=\"padding el-f05a2b91\"><div class=\"vce-single-image-container vce-single-image--align-left\"><div class=\"vce vce-single-image-wrapper\" id=\"el-ce5b3e91\" data-vce-do-apply=\"all el-ce5b3e91\"><figure><div class=\"vce-single-image-inner vce-single-image--absolute vce-single-image--border-rounded\" style=\"padding-bottom: 61.4173%; width: 635px;\"><img class=\"vce-single-image\" width=\"635\" height=\"390\"src=\"https:\/\/powermatic.com.br\/wp-content\/uploads\/2023\/03\/hospital-sirio-libanes-635x390.jpg\" srcset=\"https:\/\/powermatic.com.br\/wp-content\/uploads\/2023\/03\/hospital-sirio-libanes-320x197.jpg 320w,https:\/\/powermatic.com.br\/wp-content\/uploads\/2023\/03\/hospital-sirio-libanes-480x295.jpg 480w,https:\/\/powermatic.com.br\/wp-content\/uploads\/2023\/03\/hospital-sirio-libanes-635x390.jpg 635w\" data-img-src=\"https:\/\/powermatic.com.br\/wp-content\/uploads\/2023\/03\/hospital-sirio-libanes.jpg\" alt=\"Hospital S\u00edrio-Liban\u00eas\" title=\"Hospital S\u00edrio-Liban\u00eas\" \/><\/div><figcaption hidden=\"\" wfd-invisible=\"true\"><\/figcaption><\/figure><\/div><\/div><div class=\"vce-text-block\"><div class=\"vce-text-block-wrapper vce\" id=\"el-e8a11931\" data-vce-do-apply=\"all el-e8a11931\"><h3><span style=\"font-size: 24pt;\">Hospital S\u00edrio Liban\u00eas<\/span><\/h3>\n<p>Presente em diversas obras no hospital nos \u00faltimos 15 anos, a POWERMATIC forneceu recentemente dutos retangulares e circulares produzidos em a\u00e7o galvanizado e alum\u00ednio, al\u00e9m de dutos retangulares TDC-R produzidos em chapa preta para a amplia\u00e7\u00e3o do S\u00edrio.<\/p>\n<p>&nbsp;<\/p>\n<p>&nbsp;<\/p>\n<p>&nbsp;<\/p>\n<p>&nbsp;<\/p><\/div><\/div><\/div><\/div><\/div><\/div><\/div><\/div><div class=\"vce-row-container\"><div class=\"vce-row vce-row--col-gap-30 vce-row-columns--top vce-row-content--top\" id=\"el-1e79f343\" data-vce-do-apply=\"all el-1e79f343\"><div class=\"vce-row-content\" data-vce-element-content=\"true\"><div class=\"vce-col vce-col--md-auto vce-col--xs-1 vce-col--xs-last vce-col--xs-first vce-col--sm-last vce-col--sm-first vce-col--md-last vce-col--lg-last vce-col--xl-last vce-col--md-first vce-col--lg-first vce-col--xl-first\" id=\"el-86039bc2\"><div class=\"vce-col-inner\" data-vce-do-apply=\"border margin background  el-86039bc2\"><div class=\"vce-col-content\" data-vce-element-content=\"true\" data-vce-do-apply=\"padding el-86039bc2\"><\/div><\/div><\/div><\/div><\/div><\/div>\n","protected":false},"excerpt":{"rendered":"<p>Nossas ObrasA Powermatic \u00e9 uma empresa que se destaca no mercado pela excel\u00eancia na produ\u00e7\u00e3o de obras em diversos segmentos [&hellip;]<\/p>\n","protected":false},"author":7,"featured_media":3744,"parent":0,"menu_order":0,"comment_status":"closed","ping_status":"closed","template":"","meta":[],"yoast_head":"<!-- This site is optimized with the Yoast SEO plugin v19.7.1 - https:\/\/yoast.com\/wordpress\/plugins\/seo\/ -->\n<title>Nossas Obras | Powermatic Dutos e Acess\u00f3rios<\/title>\n<meta name=\"description\" content=\"A Powermatic \u00e9 uma empresa que se destaca no mercado pela excel\u00eancia na produ\u00e7\u00e3o de obras em diversos segmentos da constru\u00e7\u00e3o civil. Confira!\" \/>\n<meta name=\"robots\" content=\"index, follow, max-snippet:-1, max-image-preview:large, max-video-preview:-1\" \/>\n<link rel=\"canonical\" href=\"https:\/\/powermatic.com.br\/power\/nossas-obras\/\" \/>\n<meta property=\"og:locale\" content=\"pt_BR\" \/>\n<meta property=\"og:type\" content=\"article\" \/>\n<meta property=\"og:title\" content=\"Empresa - Powermatic Dutos e Acess\u00f3rios\" \/>\n<meta property=\"og:description\" content=\"No mercado desde 1985, a Powermatic a partir de 1997 come\u00e7ou a fabricar dutos e acesso\u0301rios e ma\u0301quinas para fabricac\u0327a\u0303o de dutos.\" \/>\n<meta property=\"og:url\" content=\"https:\/\/powermatic.com.br\/power\/nossas-obras\/\" \/>\n<meta property=\"og:site_name\" content=\"POWERMATIC Dutos e Acess\u00f3rios\" \/>\n<meta property=\"article:publisher\" content=\"https:\/\/www.facebook.com\/powermaticbr\" \/>\n<meta property=\"article:modified_time\" content=\"2023-03-31T18:41:34+00:00\" \/>\n<meta property=\"og:image\" content=\"https:\/\/powermatic.com.br\/wp-content\/uploads\/2020\/12\/powermatic_dutos_info_indice.png\" \/>\n\t<meta property=\"og:image:width\" content=\"598\" \/>\n\t<meta property=\"og:image:height\" content=\"288\" \/>\n\t<meta property=\"og:image:type\" content=\"image\/png\" \/>\n<meta name=\"twitter:label1\" content=\"Est. tempo de leitura\" \/>\n\t<meta name=\"twitter:data1\" content=\"4 minutos\" \/>\n<script type=\"application\/ld+json\" class=\"yoast-schema-graph\">{\"@context\":\"https:\/\/schema.org\",\"@graph\":[{\"@type\":\"WebPage\",\"@id\":\"https:\/\/powermatic.com.br\/power\/nossas-obras\/\",\"url\":\"https:\/\/powermatic.com.br\/power\/nossas-obras\/\",\"name\":\"Nossas Obras | Powermatic Dutos e Acess\u00f3rios\",\"isPartOf\":{\"@id\":\"https:\/\/powermatic.com.br\/power\/#website\"},\"datePublished\":\"2023-03-31T16:02:16+00:00\",\"dateModified\":\"2023-03-31T18:41:34+00:00\",\"description\":\"A Powermatic \u00e9 uma empresa que se destaca no mercado pela excel\u00eancia na produ\u00e7\u00e3o de obras em diversos segmentos da constru\u00e7\u00e3o civil. Confira!\",\"breadcrumb\":{\"@id\":\"https:\/\/powermatic.com.br\/power\/nossas-obras\/#breadcrumb\"},\"inLanguage\":\"pt-BR\",\"potentialAction\":[{\"@type\":\"ReadAction\",\"target\":[\"https:\/\/powermatic.com.br\/power\/nossas-obras\/\"]}]},{\"@type\":\"BreadcrumbList\",\"@id\":\"https:\/\/powermatic.com.br\/power\/nossas-obras\/#breadcrumb\",\"itemListElement\":[{\"@type\":\"ListItem\",\"position\":1,\"name\":\"Home\",\"item\":\"https:\/\/powermatic.com.br\/power\/\"},{\"@type\":\"ListItem\",\"position\":2,\"name\":\"NOSSAS OBRAS\"}]},{\"@type\":\"WebSite\",\"@id\":\"https:\/\/powermatic.com.br\/power\/#website\",\"url\":\"https:\/\/powermatic.com.br\/power\/\",\"name\":\"POWERMATIC Dutos e Acess\u00f3rios\",\"description\":\"\",\"publisher\":{\"@id\":\"https:\/\/powermatic.com.br\/power\/#organization\"},\"potentialAction\":[{\"@type\":\"SearchAction\",\"target\":{\"@type\":\"EntryPoint\",\"urlTemplate\":\"https:\/\/powermatic.com.br\/power\/?s={search_term_string}\"},\"query-input\":\"required name=search_term_string\"}],\"inLanguage\":\"pt-BR\"},{\"@type\":\"Organization\",\"@id\":\"https:\/\/powermatic.com.br\/power\/#organization\",\"name\":\"POWERMATIC\",\"url\":\"https:\/\/powermatic.com.br\/power\/\",\"sameAs\":[\"https:\/\/www.instagram.com\/power_matic\/\",\"https:\/\/www.linkedin.com\/company\/powermatic-dutos-e-acessrios\/\",\"https:\/\/www.youtube.com\/user\/powermaticbrotas\",\"https:\/\/www.facebook.com\/powermaticbr\"],\"logo\":{\"@type\":\"ImageObject\",\"inLanguage\":\"pt-BR\",\"@id\":\"https:\/\/powermatic.com.br\/power\/#\/schema\/logo\/image\/\",\"url\":\"https:\/\/powermatic.com.br\/wp-content\/uploads\/2022\/02\/Logo-jpg.jpg\",\"contentUrl\":\"https:\/\/powermatic.com.br\/wp-content\/uploads\/2022\/02\/Logo-jpg.jpg\",\"width\":600,\"height\":314,\"caption\":\"POWERMATIC\"},\"image\":{\"@id\":\"https:\/\/powermatic.com.br\/power\/#\/schema\/logo\/image\/\"}}]}<\/script>\n<!-- \/ Yoast SEO plugin. -->","yoast_head_json":{"title":"Nossas Obras | Powermatic Dutos e Acess\u00f3rios","description":"A Powermatic \u00e9 uma empresa que se destaca no mercado pela excel\u00eancia na produ\u00e7\u00e3o de obras em diversos segmentos da constru\u00e7\u00e3o civil. Confira!","robots":{"index":"index","follow":"follow","max-snippet":"max-snippet:-1","max-image-preview":"max-image-preview:large","max-video-preview":"max-video-preview:-1"},"canonical":"https:\/\/powermatic.com.br\/power\/nossas-obras\/","og_locale":"pt_BR","og_type":"article","og_title":"Empresa - Powermatic Dutos e Acess\u00f3rios","og_description":"No mercado desde 1985, a Powermatic a partir de 1997 come\u00e7ou a fabricar dutos e acesso\u0301rios e ma\u0301quinas para fabricac\u0327a\u0303o de dutos.","og_url":"https:\/\/powermatic.com.br\/power\/nossas-obras\/","og_site_name":"POWERMATIC Dutos e Acess\u00f3rios","article_publisher":"https:\/\/www.facebook.com\/powermaticbr","article_modified_time":"2023-03-31T18:41:34+00:00","og_image":[{"width":598,"height":288,"url":"https:\/\/powermatic.com.br\/wp-content\/uploads\/2020\/12\/powermatic_dutos_info_indice.png","type":"image\/png"}],"twitter_misc":{"Est. tempo de leitura":"4 minutos"},"schema":{"@context":"https:\/\/schema.org","@graph":[{"@type":"WebPage","@id":"https:\/\/powermatic.com.br\/power\/nossas-obras\/","url":"https:\/\/powermatic.com.br\/power\/nossas-obras\/","name":"Nossas Obras | Powermatic Dutos e Acess\u00f3rios","isPartOf":{"@id":"https:\/\/powermatic.com.br\/power\/#website"},"datePublished":"2023-03-31T16:02:16+00:00","dateModified":"2023-03-31T18:41:34+00:00","description":"A Powermatic \u00e9 uma empresa que se destaca no mercado pela excel\u00eancia na produ\u00e7\u00e3o de obras em diversos segmentos da constru\u00e7\u00e3o civil. Confira!","breadcrumb":{"@id":"https:\/\/powermatic.com.br\/power\/nossas-obras\/#breadcrumb"},"inLanguage":"pt-BR","potentialAction":[{"@type":"ReadAction","target":["https:\/\/powermatic.com.br\/power\/nossas-obras\/"]}]},{"@type":"BreadcrumbList","@id":"https:\/\/powermatic.com.br\/power\/nossas-obras\/#breadcrumb","itemListElement":[{"@type":"ListItem","position":1,"name":"Home","item":"https:\/\/powermatic.com.br\/power\/"},{"@type":"ListItem","position":2,"name":"NOSSAS OBRAS"}]},{"@type":"WebSite","@id":"https:\/\/powermatic.com.br\/power\/#website","url":"https:\/\/powermatic.com.br\/power\/","name":"POWERMATIC Dutos e Acess\u00f3rios","description":"","publisher":{"@id":"https:\/\/powermatic.com.br\/power\/#organization"},"potentialAction":[{"@type":"SearchAction","target":{"@type":"EntryPoint","urlTemplate":"https:\/\/powermatic.com.br\/power\/?s={search_term_string}"},"query-input":"required name=search_term_string"}],"inLanguage":"pt-BR"},{"@type":"Organization","@id":"https:\/\/powermatic.com.br\/power\/#organization","name":"POWERMATIC","url":"https:\/\/powermatic.com.br\/power\/","sameAs":["https:\/\/www.instagram.com\/power_matic\/","https:\/\/www.linkedin.com\/company\/powermatic-dutos-e-acessrios\/","https:\/\/www.youtube.com\/user\/powermaticbrotas","https:\/\/www.facebook.com\/powermaticbr"],"logo":{"@type":"ImageObject","inLanguage":"pt-BR","@id":"https:\/\/powermatic.com.br\/power\/#\/schema\/logo\/image\/","url":"https:\/\/powermatic.com.br\/wp-content\/uploads\/2022\/02\/Logo-jpg.jpg","contentUrl":"https:\/\/powermatic.com.br\/wp-content\/uploads\/2022\/02\/Logo-jpg.jpg","width":600,"height":314,"caption":"POWERMATIC"},"image":{"@id":"https:\/\/powermatic.com.br\/power\/#\/schema\/logo\/image\/"}}]}},"_links":{"self":[{"href":"https:\/\/powermatic.com.br\/power\/wp-json\/wp\/v2\/pages\/3739"}],"collection":[{"href":"https:\/\/powermatic.com.br\/power\/wp-json\/wp\/v2\/pages"}],"about":[{"href":"https:\/\/powermatic.com.br\/power\/wp-json\/wp\/v2\/types\/page"}],"author":[{"embeddable":true,"href":"https:\/\/powermatic.com.br\/power\/wp-json\/wp\/v2\/users\/7"}],"replies":[{"embeddable":true,"href":"https:\/\/powermatic.com.br\/power\/wp-json\/wp\/v2\/comments?post=3739"}],"version-history":[{"count":5,"href":"https:\/\/powermatic.com.br\/power\/wp-json\/wp\/v2\/pages\/3739\/revisions"}],"predecessor-version":[{"id":3785,"href":"https:\/\/powermatic.com.br\/power\/wp-json\/wp\/v2\/pages\/3739\/revisions\/3785"}],"wp:featuredmedia":[{"embeddable":true,"href":"https:\/\/powermatic.com.br\/power\/wp-json\/wp\/v2\/media\/3744"}],"wp:attachment":[{"href":"https:\/\/powermatic.com.br\/power\/wp-json\/wp\/v2\/media?parent=3739"}],"curies":[{"name":"wp","href":"https:\/\/api.w.org\/{rel}","templated":true}]}}